{"id":142,"date":"2021-04-13T15:25:03","date_gmt":"2021-04-13T13:25:03","guid":{"rendered":"http:\/\/procirk.org\/?page_id=142"},"modified":"2021-09-07T11:49:20","modified_gmt":"2021-09-07T09:49:20","slug":"piste-dazur","status":"publish","type":"page","link":"https:\/\/procirk.org\/?page_id=142","title":{"rendered":"Piste d&rsquo;Azur"},"content":{"rendered":"\t\t<div data-elementor-type=\"wp-page\" data-elementor-id=\"142\" class=\"elementor elementor-142\" data-elementor-settings=\"[]\">\n\t\t\t\t\t\t\t<div class=\"elementor-section-wrap\">\n\t\t\t\t\t\t\t<section class=\"elementor-section elementor-top-section elementor-element elementor-element-b9929c4 elementor-section-boxed elementor-section-height-default elementor-section-height-default\" data-id=\"b9929c4\" data-element_type=\"section\">\n\t\t\t\t\t\t<div class=\"elementor-container elementor-column-gap-default\">\n\t\t\t\t\t<div class=\"elementor-column elementor-col-100 elementor-top-column elementor-element elementor-element-49ea43e\" data-id=\"49ea43e\" data-element_type=\"column\">\n\t\t\t<div class=\"elementor-widget-wrap elementor-element-populated\">\n\t\t\t\t\t\t\t\t<div class=\"elementor-element elementor-element-a242039 elementor-widget elementor-widget-heading\" data-id=\"a242039\" data-element_type=\"widget\" data-widget_type=\"heading.default\">\n\t\t\t\t<div class=\"elementor-widget-container\">\n\t\t\t<h2 class=\"elementor-heading-title elementor-size-default\">PISTE D'AZUR<br>Centre R\u00e9gional des Arts du Cirque<\/h2>\t\t<\/div>\n\t\t\t\t<\/div>\n\t\t\t\t<div class=\"elementor-element elementor-element-d1e7075 elementor-widget elementor-widget-spacer\" data-id=\"d1e7075\" data-element_type=\"widget\" data-widget_type=\"spacer.default\">\n\t\t\t\t<div class=\"elementor-widget-container\">\n\t\t\t\t\t<div class=\"elementor-spacer\">\n\t\t\t<div class=\"elementor-spacer-inner\"><\/div>\n\t\t<\/div>\n\t\t\t\t<\/div>\n\t\t\t\t<\/div>\n\t\t\t\t<div class=\"elementor-element elementor-element-cede078 elementor-widget elementor-widget-text-editor\" data-id=\"cede078\" data-element_type=\"widget\" data-widget_type=\"text-editor.default\">\n\t\t\t\t<div class=\"elementor-widget-container\">\n\t\t\t\t\t<div class=\"elementor-text-editor elementor-clearfix\"><p style=\"text-align: justify;\">Le r\u00e9sultat de plus de trente ans d\u2019exp\u00e9rience dans le domaine de la p\u00e9dagogie des Arts du Cirque.<\/p>\n<p style=\"text-align: justify;\">Depuis janvier 2016, Piste d\u2019Azur est devenu Soci\u00e9t\u00e9 Coop\u00e9rative d\u2019Int\u00e9r\u00eat Collectif ( SCIC). Cette nouvelle \u00e9tape de notre d\u00e9veloppement avait pour but de mettre en place une structure entrepreneuriale innovante qui permette \u00e0 tous les acteurs de Piste d\u2019Azur de prendre une place importante au sein du projet tout en gardant notre volont\u00e9 de fonctionnement d\u00e9mocratique de la structure et en conservant la non lucrativit\u00e9 de l\u2019organisation. Ainsi, nous comptons au sein de nos soci\u00e9taires bon nombre de b\u00e9n\u00e9ficiaires de nos activit\u00e9s, de salari\u00e9s, de partenaires priv\u00e9s et une collectivit\u00e9 territoriale \u2013 la communaut\u00e9 d\u2019agglom\u00e9ration du Pays de Grasse. Cela nous permet \u00e9galement de travailler plus efficacement sur une hybridation de nos ressources entre financement public, financement priv\u00e9, b\u00e9n\u00e9volat et ressources commerciales.<br>Install\u00e9s depuis 2004 au sein du Pays de Grasse \u00e0 la Roquette sur Siagne, nous d\u00e9veloppons diverses activit\u00e9s circassiennes sur le territoire. <br><\/p>\n<div class=\"et_pb_module et_pb_text et_pb_text_0 et_pb_text_align_center et_pb_bg_layout_light\">\n<div class=\"et_pb_text_inner\">\n<\/div>\n<\/div><\/div>\n\t\t\t\t<\/div>\n\t\t\t\t<\/div>\n\t\t\t\t\t<\/div>\n\t\t<\/div>\n\t\t\t\t\t\t\t<\/div>\n\t\t<\/section>\n\t\t\t\t<section class=\"elementor-section elementor-top-section elementor-element elementor-element-5dad682 elementor-section-boxed elementor-section-height-default elementor-section-height-default\" data-id=\"5dad682\" data-element_type=\"section\" data-settings=\"{&quot;background_background&quot;:&quot;gradient&quot;}\">\n\t\t\t\t\t\t<div class=\"elementor-container elementor-column-gap-default\">\n\t\t\t\t\t<div class=\"elementor-column elementor-col-66 elementor-top-column elementor-element elementor-element-1db88a9\" data-id=\"1db88a9\" data-element_type=\"column\">\n\t\t\t<div class=\"elementor-widget-wrap elementor-element-populated\">\n\t\t\t\t\t\t\t\t<div class=\"elementor-element elementor-element-ffdbdae elementor-widget elementor-widget-spacer\" data-id=\"ffdbdae\" data-element_type=\"widget\" data-widget_type=\"spacer.default\">\n\t\t\t\t<div class=\"elementor-widget-container\">\n\t\t\t\t\t<div class=\"elementor-spacer\">\n\t\t\t<div class=\"elementor-spacer-inner\"><\/div>\n\t\t<\/div>\n\t\t\t\t<\/div>\n\t\t\t\t<\/div>\n\t\t\t\t<div class=\"elementor-element elementor-element-0b70ab3 elementor-widget elementor-widget-heading\" data-id=\"0b70ab3\" data-element_type=\"widget\" data-widget_type=\"heading.default\">\n\t\t\t\t<div class=\"elementor-widget-container\">\n\t\t\t<h2 class=\"elementor-heading-title elementor-size-default\">EN SAVOIR PLUS SUR PISTE D'AZUR<\/h2>\t\t<\/div>\n\t\t\t\t<\/div>\n\t\t\t\t<div class=\"elementor-element elementor-element-cdeb2a0 elementor-widget elementor-widget-spacer\" data-id=\"cdeb2a0\" data-element_type=\"widget\" data-widget_type=\"spacer.default\">\n\t\t\t\t<div class=\"elementor-widget-container\">\n\t\t\t\t\t<div class=\"elementor-spacer\">\n\t\t\t<div class=\"elementor-spacer-inner\"><\/div>\n\t\t<\/div>\n\t\t\t\t<\/div>\n\t\t\t\t<\/div>\n\t\t\t\t\t<\/div>\n\t\t<\/div>\n\t\t\t\t<div class=\"elementor-column elementor-col-33 elementor-top-column elementor-element elementor-element-e49a47a\" data-id=\"e49a47a\" data-element_type=\"column\">\n\t\t\t<div class=\"elementor-widget-wrap elementor-element-populated\">\n\t\t\t\t\t\t\t\t<div class=\"elementor-element elementor-element-5691098 elementor-widget elementor-widget-spacer\" data-id=\"5691098\" data-element_type=\"widget\" data-widget_type=\"spacer.default\">\n\t\t\t\t<div class=\"elementor-widget-container\">\n\t\t\t\t\t<div class=\"elementor-spacer\">\n\t\t\t<div class=\"elementor-spacer-inner\"><\/div>\n\t\t<\/div>\n\t\t\t\t<\/div>\n\t\t\t\t<\/div>\n\t\t\t\t<div class=\"elementor-element elementor-element-15acc01 elementor-widget elementor-widget-button\" data-id=\"15acc01\" data-element_type=\"widget\" data-widget_type=\"button.default\">\n\t\t\t\t<div class=\"elementor-widget-container\">\n\t\t\t\t\t<div class=\"elementor-button-wrapper\">\n\t\t\t<a href=\"http:\/\/www.pistedazur.org\/\" target=\"_blank\" class=\"elementor-button-link elementor-button elementor-size-lg\" role=\"button\">\n\t\t\t\t\t\t<span class=\"elementor-button-content-wrapper\">\n\t\t\t\t\t\t<span class=\"elementor-button-text\">CLIQUEZ ICI<\/span>\n\t\t<\/span>\n\t\t\t\t\t<\/a>\n\t\t<\/div>\n\t\t\t\t<\/div>\n\t\t\t\t<\/div>\n\t\t\t\t\t<\/div>\n\t\t<\/div>\n\t\t\t\t\t\t\t<\/div>\n\t\t<\/section>\n\t\t\t\t<section class=\"elementor-section elementor-top-section elementor-element elementor-element-4610dcb elementor-section-boxed elementor-section-height-default elementor-section-height-default\" data-id=\"4610dcb\" data-element_type=\"section\">\n\t\t\t\t\t\t<div class=\"elementor-container elementor-column-gap-default\">\n\t\t\t\t\t<div class=\"elementor-column elementor-col-100 elementor-top-column elementor-element elementor-element-589d2c9\" data-id=\"589d2c9\" data-element_type=\"column\">\n\t\t\t<div class=\"elementor-widget-wrap elementor-element-populated\">\n\t\t\t\t\t\t\t\t<div class=\"elementor-element elementor-element-6ef745e elementor-widget elementor-widget-spacer\" data-id=\"6ef745e\" data-element_type=\"widget\" data-widget_type=\"spacer.default\">\n\t\t\t\t<div class=\"elementor-widget-container\">\n\t\t\t\t\t<div class=\"elementor-spacer\">\n\t\t\t<div class=\"elementor-spacer-inner\"><\/div>\n\t\t<\/div>\n\t\t\t\t<\/div>\n\t\t\t\t<\/div>\n\t\t\t\t\t<\/div>\n\t\t<\/div>\n\t\t\t\t\t\t\t<\/div>\n\t\t<\/section>\n\t\t\t\t<section class=\"elementor-section elementor-top-section elementor-element elementor-element-62f2ec5 elementor-section-boxed elementor-section-height-default elementor-section-height-default\" data-id=\"62f2ec5\" data-element_type=\"section\">\n\t\t\t\t\t\t<div class=\"elementor-container elementor-column-gap-default\">\n\t\t\t\t\t<div class=\"elementor-column elementor-col-66 elementor-top-column elementor-element elementor-element-f44eed6\" data-id=\"f44eed6\" data-element_type=\"column\">\n\t\t\t<div class=\"elementor-widget-wrap elementor-element-populated\">\n\t\t\t\t\t\t\t\t<div class=\"elementor-element elementor-element-f626302 elementor-widget elementor-widget-google_maps\" data-id=\"f626302\" data-element_type=\"widget\" data-widget_type=\"google_maps.default\">\n\t\t\t\t<div class=\"elementor-widget-container\">\n\t\t\t<div class=\"elementor-custom-embed\"><iframe frameborder=\"0\" scrolling=\"no\" marginheight=\"0\" marginwidth=\"0\" src=\"https:\/\/maps.google.com\/maps?q=1975%20Avenue%20de%20la%20R%C3%A9publique%2006550%20La%20roquette%20sur%20siagne&amp;t=m&amp;z=13&amp;output=embed&amp;iwloc=near\" title=\"1975 Avenue de la R\u00e9publique 06550 La roquette sur siagne\" aria-label=\"1975 Avenue de la R\u00e9publique 06550 La roquette sur siagne\"><\/iframe><\/div>\t\t<\/div>\n\t\t\t\t<\/div>\n\t\t\t\t\t<\/div>\n\t\t<\/div>\n\t\t\t\t<div class=\"elementor-column elementor-col-33 elementor-top-column elementor-element elementor-element-6060b7d\" data-id=\"6060b7d\" data-element_type=\"column\">\n\t\t\t<div class=\"elementor-widget-wrap elementor-element-populated\">\n\t\t\t\t\t\t\t\t<div class=\"elementor-element elementor-element-aea939c elementor-widget elementor-widget-text-editor\" data-id=\"aea939c\" data-element_type=\"widget\" data-widget_type=\"text-editor.default\">\n\t\t\t\t<div class=\"elementor-widget-container\">\n\t\t\t\t\t<div class=\"elementor-text-editor elementor-clearfix\"><p><strong>CONTACT<\/strong><\/p><p>1975 Avenue de la R\u00e9publique 06550 La Roquette-sur-Siagne<\/p><p>T\u00e9l\u00e9phone : 04 93 47 42 42<\/p><p>Mail : contact@pistedazur.org<\/p><\/div>\n\t\t\t\t<\/div>\n\t\t\t\t<\/div>\n\t\t\t\t<div class=\"elementor-element elementor-element-7c17c38 elementor-shape-circle elementor-grid-0 e-grid-align-center elementor-widget elementor-widget-social-icons\" data-id=\"7c17c38\" data-element_type=\"widget\" data-widget_type=\"social-icons.default\">\n\t\t\t\t<div class=\"elementor-widget-container\">\n\t\t\t\t\t<div class=\"elementor-social-icons-wrapper elementor-grid\">\n\t\t\t\t\t\t\t<div class=\"elementor-grid-item\">\n\t\t\t\t\t<a class=\"elementor-icon elementor-social-icon elementor-social-icon-facebook elementor-repeater-item-07865db\" href=\"https:\/\/www.facebook.com\/Pistedazurpaca\" target=\"_blank\">\n\t\t\t\t\t\t<span class=\"elementor-screen-only\">Facebook<\/span>\n\t\t\t\t\t\t<i class=\"fab fa-facebook\"><\/i>\t\t\t\t\t<\/a>\n\t\t\t\t<\/div>\n\t\t\t\t\t\t\t<div class=\"elementor-grid-item\">\n\t\t\t\t\t<a class=\"elementor-icon elementor-social-icon elementor-social-icon-instagram elementor-repeater-item-ddf921d\" href=\"https:\/\/www.instagram.com\/pistedazur\/\" target=\"_blank\">\n\t\t\t\t\t\t<span class=\"elementor-screen-only\">Instagram<\/span>\n\t\t\t\t\t\t<i class=\"fab fa-instagram\"><\/i>\t\t\t\t\t<\/a>\n\t\t\t\t<\/div>\n\t\t\t\t\t\t\t<div class=\"elementor-grid-item\">\n\t\t\t\t\t<a class=\"elementor-icon elementor-social-icon elementor-social-icon-youtube elementor-repeater-item-8f9b6ac\" href=\"https:\/\/www.youtube.com\/channel\/UCgzgATpVADbYq72Y2cMhDig\" target=\"_blank\">\n\t\t\t\t\t\t<span class=\"elementor-screen-only\">Youtube<\/span>\n\t\t\t\t\t\t<i class=\"fab fa-youtube\"><\/i>\t\t\t\t\t<\/a>\n\t\t\t\t<\/div>\n\t\t\t\t\t\t\t<div class=\"elementor-grid-item\">\n\t\t\t\t\t<a class=\"elementor-icon elementor-social-icon elementor-social-icon-twitter elementor-repeater-item-ca0dd89\" href=\"https:\/\/twitter.com\/Pistedazur\" target=\"_blank\">\n\t\t\t\t\t\t<span class=\"elementor-screen-only\">Twitter<\/span>\n\t\t\t\t\t\t<i class=\"fab fa-twitter\"><\/i>\t\t\t\t\t<\/a>\n\t\t\t\t<\/div>\n\t\t\t\t\t\t\t<div class=\"elementor-grid-item\">\n\t\t\t\t\t<a class=\"elementor-icon elementor-social-icon elementor-social-icon-linkedin elementor-repeater-item-77177d5\" href=\"https:\/\/www.linkedin.com\/company\/piste-d-azur\/about\/\" target=\"_blank\">\n\t\t\t\t\t\t<span class=\"elementor-screen-only\">Linkedin<\/span>\n\t\t\t\t\t\t<i class=\"fab fa-linkedin\"><\/i>\t\t\t\t\t<\/a>\n\t\t\t\t<\/div>\n\t\t\t\t\t<\/div>\n\t\t\t\t<\/div>\n\t\t\t\t<\/div>\n\t\t\t\t\t<\/div>\n\t\t<\/div>\n\t\t\t\t\t\t\t<\/div>\n\t\t<\/section>\n\t\t\t\t<section class=\"elementor-section elementor-top-section elementor-element elementor-element-f5ee0fd elementor-section-boxed elementor-section-height-default elementor-section-height-default\" data-id=\"f5ee0fd\" data-element_type=\"section\">\n\t\t\t\t\t\t<div class=\"elementor-container elementor-column-gap-default\">\n\t\t\t\t\t<div class=\"elementor-column elementor-col-100 elementor-top-column elementor-element elementor-element-5013929\" data-id=\"5013929\" data-element_type=\"column\">\n\t\t\t<div class=\"elementor-widget-wrap elementor-element-populated\">\n\t\t\t\t\t\t\t\t<div class=\"elementor-element elementor-element-0d1fcb2 elementor-widget elementor-widget-spacer\" data-id=\"0d1fcb2\" data-element_type=\"widget\" data-widget_type=\"spacer.default\">\n\t\t\t\t<div class=\"elementor-widget-container\">\n\t\t\t\t\t<div class=\"elementor-spacer\">\n\t\t\t<div class=\"elementor-spacer-inner\"><\/div>\n\t\t<\/div>\n\t\t\t\t<\/div>\n\t\t\t\t<\/div>\n\t\t\t\t\t<\/div>\n\t\t<\/div>\n\t\t\t\t\t\t\t<\/div>\n\t\t<\/section>\n\t\t\t\t\t\t<\/div>\n\t\t\t\t\t<\/div>\n\t\t","protected":false},"excerpt":{"rendered":"<p>PISTE D&rsquo;AZURCentre R\u00e9gional des Arts du Cirque Le r\u00e9sultat de plus de trente ans d\u2019exp\u00e9rience &hellip; <a href=\"https:\/\/procirk.org\/?page_id=142\" class=\"more-link\"><span class=\"more-button\">Continue Reading<span class=\"screen-reader-text\">Piste d&rsquo;Azur<\/span><\/span><\/a><\/p>\n","protected":false},"author":1,"featured_media":0,"parent":0,"menu_order":0,"comment_status":"closed","ping_status":"closed","template":"elementor_header_footer","meta":{"footnotes":""},"yoast_head":"<!-- This site is optimized with the Yoast SEO plugin v17.1 - https:\/\/yoast.com\/wordpress\/plugins\/seo\/ -->\n<title>Piste d&#039;Azur - Procirk<\/title>\n<meta name=\"description\" content=\"Install\u00e9s depuis 2004 au sein du Pays de Grasse \u00e0 la Roquette sur Siagne, nous d\u00e9veloppons diverses activit\u00e9s circassiennes sur le territoire\" \/>\n<meta name=\"robots\" content=\"index, follow, max-snippet:-1, max-image-preview:large, max-video-preview:-1\" \/>\n<link rel=\"canonical\" href=\"https:\/\/procirk.org\/?page_id=142\" \/>\n<meta property=\"og:locale\" content=\"fr_FR\" \/>\n<meta property=\"og:type\" content=\"article\" \/>\n<meta property=\"og:title\" content=\"Piste d&#039;Azur - Procirk\" \/>\n<meta property=\"og:description\" content=\"Install\u00e9s depuis 2004 au sein du Pays de Grasse \u00e0 la Roquette sur Siagne, nous d\u00e9veloppons diverses activit\u00e9s circassiennes sur le territoire\" \/>\n<meta property=\"og:url\" content=\"https:\/\/procirk.org\/?page_id=142\" \/>\n<meta property=\"og:site_name\" content=\"Procirk\" \/>\n<meta property=\"article:modified_time\" content=\"2021-09-07T09:49:20+00:00\" \/>\n<meta name=\"twitter:card\" content=\"summary_large_image\" \/>\n<meta name=\"twitter:label1\" content=\"Dur\u00e9e de lecture est.\" \/>\n\t<meta name=\"twitter:data1\" content=\"1 minute\" \/>\n<script type=\"application\/ld+json\" class=\"yoast-schema-graph\">{\"@context\":\"https:\/\/schema.org\",\"@graph\":[{\"@type\":\"WebSite\",\"@id\":\"https:\/\/procirk.org\/#website\",\"url\":\"https:\/\/procirk.org\/\",\"name\":\"Procirk\",\"description\":\"R\\u00e9seau de formation professionnelle\",\"potentialAction\":[{\"@type\":\"SearchAction\",\"target\":{\"@type\":\"EntryPoint\",\"urlTemplate\":\"https:\/\/procirk.org\/?s={search_term_string}\"},\"query-input\":\"required name=search_term_string\"}],\"inLanguage\":\"fr-FR\"},{\"@type\":\"WebPage\",\"@id\":\"https:\/\/procirk.org\/?page_id=142#webpage\",\"url\":\"https:\/\/procirk.org\/?page_id=142\",\"name\":\"Piste d'Azur - Procirk\",\"isPartOf\":{\"@id\":\"https:\/\/procirk.org\/#website\"},\"datePublished\":\"2021-04-13T13:25:03+00:00\",\"dateModified\":\"2021-09-07T09:49:20+00:00\",\"description\":\"Install\\u00e9s depuis 2004 au sein du Pays de Grasse \\u00e0 la Roquette sur Siagne, nous d\\u00e9veloppons diverses activit\\u00e9s circassiennes sur le territoire\",\"breadcrumb\":{\"@id\":\"https:\/\/procirk.org\/?page_id=142#breadcrumb\"},\"inLanguage\":\"fr-FR\",\"potentialAction\":[{\"@type\":\"ReadAction\",\"target\":[\"https:\/\/procirk.org\/?page_id=142\"]}]},{\"@type\":\"BreadcrumbList\",\"@id\":\"https:\/\/procirk.org\/?page_id=142#breadcrumb\",\"itemListElement\":[{\"@type\":\"ListItem\",\"position\":1,\"name\":\"Accueil\",\"item\":\"https:\/\/procirk.org\/\"},{\"@type\":\"ListItem\",\"position\":2,\"name\":\"Piste d&#8217;Azur\"}]}]}<\/script>\n<!-- \/ Yoast SEO plugin. -->","yoast_head_json":{"title":"Piste d'Azur - Procirk","description":"Install\u00e9s depuis 2004 au sein du Pays de Grasse \u00e0 la Roquette sur Siagne, nous d\u00e9veloppons diverses activit\u00e9s circassiennes sur le territoire","robots":{"index":"index","follow":"follow","max-snippet":"max-snippet:-1","max-image-preview":"max-image-preview:large","max-video-preview":"max-video-preview:-1"},"canonical":"https:\/\/procirk.org\/?page_id=142","og_locale":"fr_FR","og_type":"article","og_title":"Piste d'Azur - Procirk","og_description":"Install\u00e9s depuis 2004 au sein du Pays de Grasse \u00e0 la Roquette sur Siagne, nous d\u00e9veloppons diverses activit\u00e9s circassiennes sur le territoire","og_url":"https:\/\/procirk.org\/?page_id=142","og_site_name":"Procirk","article_modified_time":"2021-09-07T09:49:20+00:00","twitter_card":"summary_large_image","twitter_misc":{"Dur\u00e9e de lecture est.":"1 minute"},"schema":{"@context":"https:\/\/schema.org","@graph":[{"@type":"WebSite","@id":"https:\/\/procirk.org\/#website","url":"https:\/\/procirk.org\/","name":"Procirk","description":"R\u00e9seau de formation professionnelle","potentialAction":[{"@type":"SearchAction","target":{"@type":"EntryPoint","urlTemplate":"https:\/\/procirk.org\/?s={search_term_string}"},"query-input":"required name=search_term_string"}],"inLanguage":"fr-FR"},{"@type":"WebPage","@id":"https:\/\/procirk.org\/?page_id=142#webpage","url":"https:\/\/procirk.org\/?page_id=142","name":"Piste d'Azur - Procirk","isPartOf":{"@id":"https:\/\/procirk.org\/#website"},"datePublished":"2021-04-13T13:25:03+00:00","dateModified":"2021-09-07T09:49:20+00:00","description":"Install\u00e9s depuis 2004 au sein du Pays de Grasse \u00e0 la Roquette sur Siagne, nous d\u00e9veloppons diverses activit\u00e9s circassiennes sur le territoire","breadcrumb":{"@id":"https:\/\/procirk.org\/?page_id=142#breadcrumb"},"inLanguage":"fr-FR","potentialAction":[{"@type":"ReadAction","target":["https:\/\/procirk.org\/?page_id=142"]}]},{"@type":"BreadcrumbList","@id":"https:\/\/procirk.org\/?page_id=142#breadcrumb","itemListElement":[{"@type":"ListItem","position":1,"name":"Accueil","item":"https:\/\/procirk.org\/"},{"@type":"ListItem","position":2,"name":"Piste d&#8217;Azur"}]}]}},"_links":{"self":[{"href":"https:\/\/procirk.org\/index.php?rest_route=\/wp\/v2\/pages\/142"}],"collection":[{"href":"https:\/\/procirk.org\/index.php?rest_route=\/wp\/v2\/pages"}],"about":[{"href":"https:\/\/procirk.org\/index.php?rest_route=\/wp\/v2\/types\/page"}],"author":[{"embeddable":true,"href":"https:\/\/procirk.org\/index.php?rest_route=\/wp\/v2\/users\/1"}],"replies":[{"embeddable":true,"href":"https:\/\/procirk.org\/index.php?rest_route=%2Fwp%2Fv2%2Fcomments&post=142"}],"version-history":[{"count":37,"href":"https:\/\/procirk.org\/index.php?rest_route=\/wp\/v2\/pages\/142\/revisions"}],"predecessor-version":[{"id":731,"href":"https:\/\/procirk.org\/index.php?rest_route=\/wp\/v2\/pages\/142\/revisions\/731"}],"wp:attachment":[{"href":"https:\/\/procirk.org\/index.php?rest_route=%2Fwp%2Fv2%2Fmedia&parent=142"}],"curies":[{"name":"wp","href":"https:\/\/api.w.org\/{rel}","templated":true}]}}